{"id":345,"date":"2021-10-14T15:18:23","date_gmt":"2021-10-14T13:18:23","guid":{"rendered":"http:\/\/www.citykamp.com\/chalets-laclaree\/region-activites\/"},"modified":"2023-09-08T10:17:33","modified_gmt":"2023-09-08T08:17:33","slug":"region-activites","status":"publish","type":"page","link":"https:\/\/www.chalets-laclaree.com\/it\/region-activites\/","title":{"rendered":"Regione &#038; Attivita"},"content":{"rendered":"<div class=\"wpb-content-wrapper\"><p>[vc_row][vc_column][vc_single_image image=&#8221;149&#8243; img_size=&#8221;1900&#215;500&#8243; alignment=&#8221;center&#8221;][\/vc_column][\/vc_row][vc_row][vc_column]<div class=\"wrappedcontent\">[vc_column_text]<\/p>\n<p style=\"text-align: center;\"><span style=\"font-size: 14pt;\">Parti alla scoperta di una nuova destinazione&#8230; per aiutarti a preparare il tuo soggiorno, questa \u00e8 una selezione di alcune cose imperdibili della regione!<\/span><\/p>\n<p style=\"text-align: center;\"><span style=\"color: #23afc2; font-size: 18pt;\">Per i fan degli sport della scivolata<\/span><\/p>\n<p>[\/vc_column_text][vc_empty_space height=&#8221;35px&#8221;][vc_row_inner equal_height=&#8221;yes&#8221; gap=&#8221;35&#8243; css=&#8221;.vc_custom_1634218777338{margin-left: -0.5px !important;}&#8221;][vc_column_inner width=&#8221;1\/3&#8243;][vc_masonry_media_grid element_width=&#8221;12&#8243; gap=&#8221;0&#8243; grid_id=&#8221;vc_gid:1694160919161-57a07cb9-5e6d-5&#8243; include=&#8221;202&#8243;][vc_empty_space height=&#8221;15px&#8221;][vc_column_text]<\/p>\n<p style=\"text-align: center;\"><strong>Le stazioni sciistiche di Val-des-Pr\u00e9s \/ Les Alberts\u00a0&#8211; 2 km<\/strong><br \/>\n<span style=\"color: #23afc2;\">SCI DI FONDO<\/span><\/p>\n<p style=\"text-align: center;\">Partenza con gli sci ai piedi direttamente dal tuo Chalet? Non aspettare pi\u00f9 e parti alla scoperta di paesi tipici, il tutto in 13 km di itinerario per sci di fondo!<\/p>\n<p>[\/vc_column_text][\/vc_column_inner][vc_column_inner width=&#8221;1\/3&#8243;][vc_masonry_media_grid element_width=&#8221;12&#8243; gap=&#8221;0&#8243; grid_id=&#8221;vc_gid:1694160919164-14bd037f-ccf4-0&#8243; include=&#8221;209&#8243;][vc_empty_space height=&#8221;15px&#8221;][vc_column_text]<\/p>\n<p style=\"text-align: center;\"><strong>La stazione sciistica di Montgen\u00e8vre &#8211; 10 km<\/strong><br \/>\n<span style=\"color: #23afc2;\">SCI ALPINO<\/span><\/p>\n<p style=\"text-align: center;\">Ai posti&#8230; Pronti&#8230; sci ai piedi! Scendi i 400 km di piste che ti propone la Stazione Internazionale di Montgen\u00e8vre grazie a due stazioni sciistiche: Grand Montgen\u00e8vre e Les Monts de la Lune. Per gli adepti dello sci alpino e dello sci nordico.<\/p>\n<p>[\/vc_column_text][\/vc_column_inner][vc_column_inner width=&#8221;1\/3&#8243;][vc_masonry_media_grid element_width=&#8221;12&#8243; gap=&#8221;0&#8243; grid_id=&#8221;vc_gid:1694160919166-34e0ed6f-bb7a-2&#8243; include=&#8221;161&#8243;][vc_empty_space height=&#8221;15px&#8221;][vc_column_text]<\/p>\n<p style=\"text-align: center;\"><strong>La stazione sciistica di N\u00e9vache &#8211; 12 km<\/strong><br \/>\n<span style=\"color: #23afc2;\">SCI DI FONDO<\/span><\/p>\n<p style=\"text-align: center;\">Fan dello sci di fondo? La stazione sciistica di N\u00e9vache ti propone 45 km di piste verdi, blu, rosse e nere! Amanti di sensazioni forti o principianti, questa stazione sciistica \u00e8 accessibile a tutti.<\/p>\n<p>[\/vc_column_text][\/vc_column_inner][\/vc_row_inner][vc_empty_space height=&#8221;35px&#8221;][vc_column_text]<\/p>\n<p style=\"text-align: center;\"><span style=\"font-size: 14pt;\"><strong>Desideri scoprire la montagna con lo sci da escursione? <\/strong><\/span><br \/>\nLo sci da escursione ti permette inoltre oltre di arrampicarti e di scendere le piste, di scoprire le vallate, i colli e le cime della valle de La Clar\u00e9e.<\/p>\n<p>[\/vc_column_text]<\/div>[\/vc_column][\/vc_row][vc_row css=&#8221;.vc_custom_1634218922700{background-color: #e8e8e8 !important;}&#8221;][vc_column]<div class=\"wrappedcontent\">[vc_column_text]<\/p>\n<p style=\"text-align: center;\"><span style=\"color: #23afc2; font-size: 18pt;\">La montagna durante l&#8217;inverno: attivit\u00e0 per tutti!<\/span><\/p>\n<p>[\/vc_column_text][vc_empty_space height=&#8221;35px&#8221;][vc_row_inner equal_height=&#8221;yes&#8221; gap=&#8221;35&#8243; css=&#8221;.vc_custom_1634218777338{margin-left: -0.5px !important;}&#8221;][vc_column_inner width=&#8221;1\/2&#8243;][vc_masonry_media_grid element_width=&#8221;12&#8243; gap=&#8221;0&#8243; grid_id=&#8221;vc_gid:1694160919171-5c2bc9fb-41fb-0&#8243; include=&#8221;511&#8243;][vc_empty_space height=&#8221;15px&#8221;][vc_column_text]<\/p>\n<p style=\"text-align: center;\"><strong>Sei alla ricerca di un&#8217;attivit\u00e0 insolita?<\/strong><\/p>\n<p style=\"text-align: center;\">Che ne diresti di una passeggiata su una slitta trainata da cani? Scopri paesaggi mozzafiato con musher agguerriti.<br \/>\nDesideri tentare l&#8217;avventura e guidare la slitta? Niente panico, un musher sar\u00e0 comunque con te per orientarti sul percorso, ma ai comandi ci sarai tu!<\/p>\n<p>[\/vc_column_text][\/vc_column_inner][vc_column_inner width=&#8221;1\/2&#8243;][vc_masonry_media_grid element_width=&#8221;12&#8243; gap=&#8221;0&#8243; grid_id=&#8221;vc_gid:1694160919174-faed9a2b-989b-5&#8243; include=&#8221;528&#8243;][vc_empty_space height=&#8221;15px&#8221;][vc_column_text]<\/p>\n<p style=\"text-align: center;\"><strong>Un momento per prendersi cura di s\u00e9<\/strong><\/p>\n<p style=\"text-align: center;\">Nella valle de La Clar\u00e9e sono presenti tre spazi benessere che ti propongono un&#8217;ampia scelta di prestazioni. Rilassati in una spa con hammam, sauna e jacuzzi.<\/p>\n<p>[\/vc_column_text][\/vc_column_inner][\/vc_row_inner][vc_empty_space height=&#8221;35px&#8221;][vc_column_text]<\/p>\n<p style=\"text-align: center;\"><span style=\"font-size: 14pt;\"><strong>Nella valle de La Clar\u00e9e vengono proposte una moltitudine di attivit\u00e0<\/strong><\/span><br \/>\nSlittino, cani da traino, itinerari di camminata su neve, ciaspolate in autonomia o accompagnati, biathlon&#8230; La regione riserva un&#8217;ampia scelta di attivit\u00e0 per tutte le et\u00e0 e tutti i livelli e spazi organizzati.<\/p>\n<p>[\/vc_column_text]<\/div>[\/vc_column][\/vc_row][vc_row css=&#8221;.vc_custom_1634219349823{background-color: #23afc2 !important;}&#8221;][vc_column]<div class=\"wrappedcontent\">[vc_column_text]<\/p>\n<p style=\"text-align: center;\"><span style=\"color: #ffffff;\"><strong><span style=\"font-size: 18pt;\">I VANTAGGI SUL NOLEGGIO DELLE ATTREZZATURE<\/span><\/strong><\/span><\/p>\n<p style=\"text-align: center;\"><span style=\"color: #ffffff; font-size: 14pt;\">Approfitta di uno sconto fino al 60% per il noleggio delle attrezzature da sci al miglior prezzo, grazie al nostro partner Skiset.<br \/>\nIn seguito alla prenotazione del soggiorno in uno Chalet, riceverai un link di prenotazione esclusivo.<\/span><\/p>\n<p>[\/vc_column_text]<\/div>[\/vc_column][\/vc_row][vc_row][vc_column]<div class=\"wrappedcontent\">[vc_column_text]<\/p>\n<p style=\"text-align: center;\"><span style=\"color: #23afc2; font-size: 18pt;\">Scoprire la regione<\/span><\/p>\n<p style=\"text-align: center;\"><span style=\"font-size: 14pt;\">Una regione all&#8217;insegna della neve e di parchi naturali d&#8217;eccezione<\/span><\/p>\n<p>[\/vc_column_text][vc_empty_space height=&#8221;35px&#8221;][vc_row_inner equal_height=&#8221;yes&#8221; gap=&#8221;35&#8243; css=&#8221;.vc_custom_1634218777338{margin-left: -0.5px !important;}&#8221;][vc_column_inner width=&#8221;1\/4&#8243;][vc_masonry_media_grid element_width=&#8221;12&#8243; gap=&#8221;0&#8243; grid_id=&#8221;vc_gid:1694160919180-295c7555-6066-9&#8243; include=&#8221;514&#8243;][vc_empty_space height=&#8221;15px&#8221;][vc_column_text]<\/p>\n<p style=\"text-align: center;\"><strong>La Valle del La Clar\u00e9e<\/strong><\/p>\n<p style=\"text-align: center;\">Situata alle porte dell&#8217;Italia, nel cuore delle Alte-Alpi, la valle de La Clar\u00e9e ti offre non meno di 20 000 ettari di natura incontaminata! Cullata da un fiume, questa valle \u00e8 anche la casa di due paesi: Val-Des-Pr\u00e8s e N\u00e9vache. Per una passeggiata o per praticare sci nordico, questi due comuni si trovano a pochi passi dagli Chalet de La Clar\u00e9e.<\/p>\n<p>[\/vc_column_text][\/vc_column_inner][vc_column_inner width=&#8221;1\/4&#8243;][vc_masonry_media_grid element_width=&#8221;12&#8243; gap=&#8221;0&#8243; grid_id=&#8221;vc_gid:1694160919182-831b7ae9-2263-7&#8243; include=&#8221;518&#8243;][vc_empty_space height=&#8221;15px&#8221;][vc_column_text]<\/p>\n<p style=\"text-align: center;\"><strong>Paesaggi d&#8217;eccezione <\/strong><\/p>\n<p style=\"text-align: center;\">La valle de La Clar\u00e9e si offre a te tra laghi di montagna e magnifiche vette: percorri sentieri escursionistici che vanno al di fuori dei sentieri battuti, in completa libert\u00e0. Puoi anche partire accompagnato da guide, per un&#8217;esperienza eccezionale!<\/p>\n<p>[\/vc_column_text][\/vc_column_inner][vc_column_inner width=&#8221;1\/4&#8243;][vc_masonry_media_grid element_width=&#8221;12&#8243; gap=&#8221;0&#8243; grid_id=&#8221;vc_gid:1694160919185-d08104bc-78db-4&#8243; include=&#8221;521&#8243;][vc_empty_space height=&#8221;15px&#8221;][vc_column_text]<\/p>\n<p style=\"text-align: center;\"><strong>Paesi da scoprire<\/strong><\/p>\n<p style=\"text-align: center;\">Il paese autentico di Val-des-Pr\u00e8s, composto da 5 frazioni (La Vachette, le Rosier, le Serre, le Pra Premier e la Draye) racconta la storia della valle con la sua architettura. Passando da 1351 m di altitudine fino a 2773 m di altitudine, questo paese \u00e8 un perfetto mix di chiese e cappelle classificate, ma anche di meridiane e di forni!<\/p>\n<p>[\/vc_column_text][\/vc_column_inner][vc_column_inner width=&#8221;1\/4&#8243;][vc_masonry_media_grid element_width=&#8221;12&#8243; gap=&#8221;0&#8243; grid_id=&#8221;vc_gid:1694160919187-c8d703aa-8f11-6&#8243; include=&#8221;524&#8243;][vc_empty_space height=&#8221;15px&#8221;][vc_column_text]<\/p>\n<p style=\"text-align: center;\"><strong>Brian\u00e7on<\/strong><\/p>\n<p style=\"text-align: center;\">Sei un amante del patrimonio culturale? Brian\u00e7on \u00e8 fatta per te! Iscritta al patrimonio mondiale dell&#8217;UNESCO e classificata Citt\u00e0 d&#8217;Arte e di Storia, questa citt\u00e0 ti permetter\u00e0 di fare una pausa durante la settimana trascorsa a praticare sci alpino.<\/p>\n<p>[\/vc_column_text][\/vc_column_inner][\/vc_row_inner][vc_empty_space height=&#8221;35px&#8221;]<div class=\"text-center btnwrap\"><a class=\"btn btn-huttopia-cta\" href=\"http:\/\/checkout.huttopia.com\/redirect\/es\/899\" role=\"button\" target=\"\" onclick=\"dataLayer.push({'event':'clickCity', 'clickText':'Prenota il tuo soggiorno'})\">Prenota il tuo soggiorno<\/a><\/div><\/div>[\/vc_column][\/vc_row]<\/p>\n<\/div>","protected":false},"excerpt":{"rendered":"<p>[vc_row][vc_column][vc_single_image image=&#8221;149&#8243; img_size=&#8221;1900&#215;500&#8243; alignment=&#8221;center&#8221;][\/vc_column][\/vc_row][vc_row][vc_column][\/vc_column][\/vc_row][vc_row css=&#8221;.vc_custom_1634218922700{background-color: #e8e8e8 !important;}&#8221;][vc_column][\/vc_column][\/vc_row][vc_row css=&#8221;.vc_custom_1634219349823{background-color: #23afc2 !important;}&#8221;][vc_column][\/vc_column][\/vc_row][vc_row][vc_column][\/vc_column][\/vc_row]<\/p>\n","protected":false},"author":4,"featured_media":0,"parent":0,"menu_order":0,"comment_status":"closed","ping_status":"closed","template":"","meta":{"footnotes":""},"class_list":["post-345","page","type-page","status-publish","hentry"],"yoast_head":"<!-- This site is optimized with the Yoast SEO plugin v25.6 - https:\/\/yoast.com\/wordpress\/plugins\/seo\/ -->\n<title>Regione &amp; Attivita - Chalets de La Clar\u00e9e<\/title>\n<meta name=\"description\" content=\"Sci alpino, sci di fondo, escursioni, benessere... Attivit\u00e0 per tutti nella valle della Clar\u00e9e. Scoprite la regione e i suoi paesaggi eccezionali.\" \/>\n<meta name=\"robots\" content=\"index, follow, max-snippet:-1, max-image-preview:large, max-video-preview:-1\" \/>\n<link rel=\"canonical\" href=\"https:\/\/www.chalets-laclaree.com\/it\/region-activites\/\" \/>\n<meta property=\"og:locale\" content=\"it_IT\" \/>\n<meta property=\"og:type\" content=\"article\" \/>\n<meta property=\"og:title\" content=\"Regione &amp; Attivita - Chalets de La Clar\u00e9e\" \/>\n<meta property=\"og:description\" content=\"Sci alpino, sci di fondo, escursioni, benessere... Attivit\u00e0 per tutti nella valle della Clar\u00e9e. Scoprite la regione e i suoi paesaggi eccezionali.\" \/>\n<meta property=\"og:url\" content=\"https:\/\/www.chalets-laclaree.com\/it\/region-activites\/\" \/>\n<meta property=\"og:site_name\" content=\"Chalets de La Clar\u00e9e\" \/>\n<meta property=\"article:modified_time\" content=\"2023-09-08T08:17:33+00:00\" \/>\n<meta name=\"twitter:card\" content=\"summary_large_image\" \/>\n<meta name=\"twitter:label1\" content=\"Est. reading time\" \/>\n\t<meta name=\"twitter:data1\" content=\"4 minuti\" \/>\n<script type=\"application\/ld+json\" class=\"yoast-schema-graph\">{\"@context\":\"https:\/\/schema.org\",\"@graph\":[{\"@type\":\"WebPage\",\"@id\":\"https:\/\/www.chalets-laclaree.com\/it\/region-activites\/\",\"url\":\"https:\/\/www.chalets-laclaree.com\/it\/region-activites\/\",\"name\":\"Regione & Attivita - Chalets de La Clar\u00e9e\",\"isPartOf\":{\"@id\":\"https:\/\/www.chalets-laclaree.com\/it\/#website\"},\"datePublished\":\"2021-10-14T13:18:23+00:00\",\"dateModified\":\"2023-09-08T08:17:33+00:00\",\"description\":\"Sci alpino, sci di fondo, escursioni, benessere... Attivit\u00e0 per tutti nella valle della Clar\u00e9e. Scoprite la regione e i suoi paesaggi eccezionali.\",\"breadcrumb\":{\"@id\":\"https:\/\/www.chalets-laclaree.com\/it\/region-activites\/#breadcrumb\"},\"inLanguage\":\"it-IT\",\"potentialAction\":[{\"@type\":\"ReadAction\",\"target\":[\"https:\/\/www.chalets-laclaree.com\/it\/region-activites\/\"]}]},{\"@type\":\"BreadcrumbList\",\"@id\":\"https:\/\/www.chalets-laclaree.com\/it\/region-activites\/#breadcrumb\",\"itemListElement\":[{\"@type\":\"ListItem\",\"position\":1,\"name\":\"Home\",\"item\":\"https:\/\/www.chalets-laclaree.com\/it\/\"},{\"@type\":\"ListItem\",\"position\":2,\"name\":\"Regione &#038; Attivita\"}]},{\"@type\":\"WebSite\",\"@id\":\"https:\/\/www.chalets-laclaree.com\/it\/#website\",\"url\":\"https:\/\/www.chalets-laclaree.com\/it\/\",\"name\":\"Chalets de La Clar\u00e9e\",\"description\":\"Un site utilisant Citykamp\",\"potentialAction\":[{\"@type\":\"SearchAction\",\"target\":{\"@type\":\"EntryPoint\",\"urlTemplate\":\"https:\/\/www.chalets-laclaree.com\/it\/?s={search_term_string}\"},\"query-input\":{\"@type\":\"PropertyValueSpecification\",\"valueRequired\":true,\"valueName\":\"search_term_string\"}}],\"inLanguage\":\"it-IT\"}]}<\/script>\n<!-- \/ Yoast SEO plugin. -->","yoast_head_json":{"title":"Regione & Attivita - Chalets de La Clar\u00e9e","description":"Sci alpino, sci di fondo, escursioni, benessere... Attivit\u00e0 per tutti nella valle della Clar\u00e9e. Scoprite la regione e i suoi paesaggi eccezionali.","robots":{"index":"index","follow":"follow","max-snippet":"max-snippet:-1","max-image-preview":"max-image-preview:large","max-video-preview":"max-video-preview:-1"},"canonical":"https:\/\/www.chalets-laclaree.com\/it\/region-activites\/","og_locale":"it_IT","og_type":"article","og_title":"Regione & Attivita - Chalets de La Clar\u00e9e","og_description":"Sci alpino, sci di fondo, escursioni, benessere... Attivit\u00e0 per tutti nella valle della Clar\u00e9e. Scoprite la regione e i suoi paesaggi eccezionali.","og_url":"https:\/\/www.chalets-laclaree.com\/it\/region-activites\/","og_site_name":"Chalets de La Clar\u00e9e","article_modified_time":"2023-09-08T08:17:33+00:00","twitter_card":"summary_large_image","twitter_misc":{"Est. reading time":"4 minuti"},"schema":{"@context":"https:\/\/schema.org","@graph":[{"@type":"WebPage","@id":"https:\/\/www.chalets-laclaree.com\/it\/region-activites\/","url":"https:\/\/www.chalets-laclaree.com\/it\/region-activites\/","name":"Regione & Attivita - Chalets de La Clar\u00e9e","isPartOf":{"@id":"https:\/\/www.chalets-laclaree.com\/it\/#website"},"datePublished":"2021-10-14T13:18:23+00:00","dateModified":"2023-09-08T08:17:33+00:00","description":"Sci alpino, sci di fondo, escursioni, benessere... Attivit\u00e0 per tutti nella valle della Clar\u00e9e. Scoprite la regione e i suoi paesaggi eccezionali.","breadcrumb":{"@id":"https:\/\/www.chalets-laclaree.com\/it\/region-activites\/#breadcrumb"},"inLanguage":"it-IT","potentialAction":[{"@type":"ReadAction","target":["https:\/\/www.chalets-laclaree.com\/it\/region-activites\/"]}]},{"@type":"BreadcrumbList","@id":"https:\/\/www.chalets-laclaree.com\/it\/region-activites\/#breadcrumb","itemListElement":[{"@type":"ListItem","position":1,"name":"Home","item":"https:\/\/www.chalets-laclaree.com\/it\/"},{"@type":"ListItem","position":2,"name":"Regione &#038; Attivita"}]},{"@type":"WebSite","@id":"https:\/\/www.chalets-laclaree.com\/it\/#website","url":"https:\/\/www.chalets-laclaree.com\/it\/","name":"Chalets de La Clar\u00e9e","description":"Un site utilisant Citykamp","potentialAction":[{"@type":"SearchAction","target":{"@type":"EntryPoint","urlTemplate":"https:\/\/www.chalets-laclaree.com\/it\/?s={search_term_string}"},"query-input":{"@type":"PropertyValueSpecification","valueRequired":true,"valueName":"search_term_string"}}],"inLanguage":"it-IT"}]}},"_links":{"self":[{"href":"https:\/\/www.chalets-laclaree.com\/it\/wp-json\/wp\/v2\/pages\/345","targetHints":{"allow":["GET"]}}],"collection":[{"href":"https:\/\/www.chalets-laclaree.com\/it\/wp-json\/wp\/v2\/pages"}],"about":[{"href":"https:\/\/www.chalets-laclaree.com\/it\/wp-json\/wp\/v2\/types\/page"}],"author":[{"embeddable":true,"href":"https:\/\/www.chalets-laclaree.com\/it\/wp-json\/wp\/v2\/users\/4"}],"replies":[{"embeddable":true,"href":"https:\/\/www.chalets-laclaree.com\/it\/wp-json\/wp\/v2\/comments?post=345"}],"version-history":[{"count":2,"href":"https:\/\/www.chalets-laclaree.com\/it\/wp-json\/wp\/v2\/pages\/345\/revisions"}],"predecessor-version":[{"id":531,"href":"https:\/\/www.chalets-laclaree.com\/it\/wp-json\/wp\/v2\/pages\/345\/revisions\/531"}],"wp:attachment":[{"href":"https:\/\/www.chalets-laclaree.com\/it\/wp-json\/wp\/v2\/media?parent=345"}],"curies":[{"name":"wp","href":"https:\/\/api.w.org\/{rel}","templated":true}]}}