{"id":305,"date":"2021-10-18T14:10:13","date_gmt":"2021-10-18T12:10:13","guid":{"rendered":"http:\/\/www.citykamp.com\/chalets-laclaree\/certification-sanitaire-et-mesures-dhygiene\/"},"modified":"2021-10-25T17:03:47","modified_gmt":"2021-10-25T15:03:47","slug":"certification-sanitaire-et-mesures-dhygiene","status":"publish","type":"page","link":"https:\/\/www.chalets-laclaree.com\/it\/certification-sanitaire-et-mesures-dhygiene\/","title":{"rendered":"certificazione sanitaria e misure igieniche per soggiorni invernali"},"content":{"rendered":"<div class=\"wpb-content-wrapper\"><p>[vc_row css=&#8221;.vc_custom_1634560539704{padding-top: 50px !important;background-color: #e8e8e8 !important;}&#8221;][vc_column]<div class=\"wrappedcontent\">[vc_column_text css=&#8221;.vc_custom_1635176354231{padding-top: 50px !important;padding-bottom: 30px !important;}&#8221;]<\/p>\n<h1 style=\"text-align: center;\"><strong><span style=\"color: #333333; font-size: 20pt;\">TUO SOGGIORNO IN COMPLETA SERENIT\u00c0 CON CERTIFICAZIONE RISCHIO SANITARIO ESCLUSIVO SOCOTEC \u2013 HUTTOPIA<\/span><\/strong><\/h1>\n<p>[\/vc_column_text]<\/div>[\/vc_column][\/vc_row][vc_row][vc_column]<div class=\"wrappedcontent\">[vc_row_inner equal_height=&#8221;yes&#8221; gap=&#8221;35&#8243; css=&#8221;.vc_custom_1634560794014{margin-left: -0.5px !important;}&#8221;][vc_column_inner width=&#8221;1\/2&#8243;][vc_masonry_media_grid element_width=&#8221;12&#8243; grid_id=&#8221;vc_gid:1635176292443-8cb3f239-4f68-3&#8243; include=&#8221;265&#8243;][\/vc_column_inner][vc_column_inner width=&#8221;1\/2&#8243;][vc_empty_space height=&#8221;35px&#8221;][vc_column_text]<\/p>\n<h2><span style=\"font-size: 16pt;\">In completa sicurezza<\/span><\/h2>\n<p>Il gruppo Huttopia ha lavorato a nuovi protocolli con igienisti, medici ed esperti di qualit\u00e0 del gruppo SOCOTEC per giungere ad una certificazione che assicuri il pi\u00f9 alto livello di qualit\u00e0 igienica e sanitaria.<\/p>\n<p>SOCOTEC \u00e8 un terzo attore di fiducia che grazie ai suoi controlli e alle sue raccomandazioni garantisce il rispetto dei nostri impegni. La propriet\u00e0 e l\u2019igiene sono sempre stati di capitale importanza e pertanto con l\u2019apertura dei nostri siti metteremo in atto misure sanitarie rinforzate.<\/p>\n<p><a href=\"https:\/\/www.chalets-laclaree.com\/it\/certification-sanitaire-et-mesures-dhygiene\/#engagements\"><span style=\"text-decoration: underline; font-size: 14pt;\"><em><strong>&gt; IL NOSTRI OBBLIGHI SANITARI<\/strong><\/em><\/span><\/a>[\/vc_column_text][\/vc_column_inner][\/vc_row_inner]<\/div>[\/vc_column][\/vc_row][vc_row css=&#8221;.vc_custom_1634561013998{background-color: #e8e8e8 !important;}&#8221;][vc_column]<div class=\"wrappedcontent\">[vc_column_text]<\/p>\n<h2 style=\"text-align: center;\"><span style=\"font-size: 14pt;\">Misure rinforzate e istruzioni speciali per questa stagione\u2026<\/span><\/h2>\n<p>[\/vc_column_text]<\/div>[\/vc_column][\/vc_row][vc_row el_id=&#8221;engagements&#8221;][vc_column]<div class=\"wrappedcontent\">[vc_row_inner equal_height=&#8221;yes&#8221; gap=&#8221;35&#8243; css=&#8221;.vc_custom_1634561052559{margin-left: -0.5px !important;}&#8221;][vc_column_inner width=&#8221;1\/2&#8243;][vc_column_text]<\/p>\n<h2><span style=\"font-size: 14pt;\">Il nostro impegno per un soggiorno invernale in completa serenit\u00e0 :<\/span><\/h2>\n<div>\n<p><strong>1.<\/strong>\u00a0Rispettare le\u00a0<strong>raccomandazioni delle autorit\u00e0 sanitarie<\/strong>\u00a0e il piano sanitario istituito dai professionisti dell\u2019ospitalit\u00e0 alberghiera all\u2019aria aperta.<\/p>\n<p><strong>2.<\/strong>\u00a0Formare i nostri team\u00a0<strong>a compiere azioni protettive, a seguire i protocolli sanitari<\/strong>\u00a0e mettere a loro disposizione dei dispositivi di protezione.<\/p>\n<p><strong>3.<\/strong>\u00a0Organizzare una\u00a0<strong>segnaletica<\/strong>\u00a0che ricordi le azioni protettive e la distanza sociale da mantenere, cos\u00ec come i\u00a0<strong>nuovi piani di circolazione adatti<\/strong>\u00a0per i luoghi pubblici (reception, centro di ritrovo, servizi igienici, ecc.).<\/p>\n<p><strong>4.<\/strong>\u00a0Mettere a disposizione\u00a0<strong>gel idroalcolico, prodotti disinfettanti o sapone<\/strong>\u00a0per i clienti e i team nei principali luoghi di raggruppamento e sensibili al contatto frequenti.<\/p>\n<p><strong>5.<\/strong>\u00a0Effettuare una\u00a0<strong>pulizia virucida rigorosa e rinforzata<\/strong>\u00a0delle zone comuni e dei servizi igienici pi\u00f9 volte al giorno e degli alloggi ad ogni cambio di clienti, conformemente al piano sanitario.<\/p>\n<p><strong>6.<\/strong>\u00a0Adattare le\u00a0<strong>procedure di arrivo e di partenza\u00a0<\/strong>per limitare la frequenza nell\u2019ufficio della reception.<\/p>\n<p><strong>7.<\/strong>\u00a0In caso di sintomi, invitare i nostri dipendenti a restare a casa. Se necessario, applicheremo il\u00a0<strong>protocollo di gestione del rischio in caso di sospetto contagio<\/strong>\u00a0al COVID-19 di un cliente o di un collaboratore in conformit\u00e0 alle raccomandazioni delle autorit\u00e0 sanitarie.<\/p>\n<p><strong>8.<\/strong>\u00a0Applicare le\u00a0<strong>istruzioni di accesso e di sicurezza sanitarie rinforzate e specifiche<\/strong>\u00a0per tutti i nostri servizi: ristorazione da asporto o sul posto, piscina, attivit\u00e0, ecc\u2026 in conformit\u00e0 alle raccomandazioni delle autorit\u00e0 sanitarie.<\/p>\n<\/div>\n<p>[\/vc_column_text][\/vc_column_inner][vc_column_inner width=&#8221;1\/2&#8243;][vc_masonry_media_grid element_width=&#8221;12&#8243; grid_id=&#8221;vc_gid:1635176292446-2774b448-9126-4&#8243; include=&#8221;268&#8243;][\/vc_column_inner][\/vc_row_inner]<\/div>[\/vc_column][\/vc_row][vc_row el_id=&#8221;chalets&#8221; css=&#8221;.vc_custom_1634561122990{background-color: #e8e8e8 !important;}&#8221;][vc_column]<div class=\"wrappedcontent\">[vc_row_inner equal_height=&#8221;yes&#8221; gap=&#8221;35&#8243; css=&#8221;.vc_custom_1634561133524{margin-left: -0.5px !important;}&#8221;][vc_column_inner width=&#8221;1\/2&#8243;][vc_masonry_media_grid element_width=&#8221;12&#8243; grid_id=&#8221;vc_gid:1635176292447-44f408e6-9a51-9&#8243; include=&#8221;271&#8243;][\/vc_column_inner][vc_column_inner width=&#8221;1\/2&#8243;][vc_column_text]<\/p>\n<h2><span style=\"font-size: 14pt;\">Negli chalet di legno<\/span><\/h2>\n<div>\n<p>Abbiamo adattato le nostre procedure di pulizia apportandovi un\u2019attenzione supplementare. Rinforziamo i nostri\u00a0<strong>team di pulizia che vengono formati e attrezzati con guanti, mascherine e occhiali di protezione durante i loro interventi.<\/strong><\/p>\n<p><strong>All\u2019interno e all\u2019esterno dell\u2019alloggio verr\u00e0 effettuata una disinfezione sistematica con prodotti regolamentari<\/strong>\u00a0su tutti i punti di contatto (piani di lavoro, interruttori, rubinetti, maniglie delle porte, tavoli, sedie, lavandini, elettrodomestici, tessuti, librerie, ecc\u2026). Gli alloggi vengono areati per tutta la durata delle operazioni di pulizia.<\/p>\n<p>Chiediamo ai clienti di togliere essi stessi i coprimaterasso e le federe monouso, di metterle all\u2019interno di un sacco della spazzatura e di depositare quest\u2019ultimo negli appositi contenitori.<\/p>\n<p><em>Lenzuola e asciugamani sono inclusi presso Huttopia Font-Romeu, Huttopia Bourg-St-Maurice, Huttopia Vallouise e Huttopia Bozel en Vanoise.<\/em><\/p>\n<\/div>\n<p>[\/vc_column_text][\/vc_column_inner][\/vc_row_inner]<\/div>[\/vc_column][\/vc_row][vc_row][vc_column]<div class=\"wrappedcontent\">[vc_column_text]<\/p>\n<p style=\"text-align: center;\"><span style=\"font-size: 14pt;\"><strong>Tutti i nostri team ti aspettano per offrirti un indimenticabile soggiorno sulla neve.<\/strong><\/span><\/p>\n<p style=\"text-align: center;\">La tua avventura invernale in Huttopia pu\u00f2 iniziare!<\/p>\n<p style=\"text-align: center;\"><img loading=\"lazy\" decoding=\"async\" class=\"wp-image-146999 aligncenter\" src=\"https:\/\/europe.huttopia.com\/content\/uploads\/2020\/05\/SOC-Label-management-du-risque-sanitaire_Plan-de-travail-1-300x119.png\" sizes=\"auto, (max-width: 179px) 100vw, 179px\" srcset=\"https:\/\/europe.huttopia.com\/uploads\/2020\/05\/SOC-Label-management-du-risque-sanitaire_Plan-de-travail-1-300x119.png 300w, https:\/\/europe.huttopia.com\/uploads\/2020\/05\/SOC-Label-management-du-risque-sanitaire_Plan-de-travail-1-768x306.png 768w, https:\/\/europe.huttopia.com\/uploads\/2020\/05\/SOC-Label-management-du-risque-sanitaire_Plan-de-travail-1-1024x408.png 1024w, https:\/\/europe.huttopia.com\/uploads\/2020\/05\/SOC-Label-management-du-risque-sanitaire_Plan-de-travail-1.png 1293w\" alt=\"\" width=\"179\" height=\"71\" \/><\/p>\n<p style=\"text-align: center;\">Per maggiori informazioni, vai su\u00a0<a href=\"http:\/\/www.socotec.fr\/\">www.socotec.fr<\/a><\/p>\n<p>[\/vc_column_text]<\/div>[\/vc_column][\/vc_row]<\/p>\n<\/div>","protected":false},"excerpt":{"rendered":"<p>[vc_row css=&#8221;.vc_custom_1634560539704{padding-top: 50px !important;background-color: #e8e8e8 !important;}&#8221;][vc_column][\/vc_column][\/vc_row][vc_row][vc_column][\/vc_column][\/vc_row][vc_row css=&#8221;.vc_custom_1634561013998{background-color: #e8e8e8 !important;}&#8221;][vc_column][\/vc_column][\/vc_row][vc_row el_id=&#8221;engagements&#8221;][vc_column][\/vc_column][\/vc_row][vc_row el_id=&#8221;chalets&#8221; css=&#8221;.vc_custom_1634561122990{background-color: #e8e8e8 !important;}&#8221;][vc_column][\/vc_column][\/vc_row][vc_row][vc_column][\/vc_column][\/vc_row]<\/p>\n","protected":false},"author":4,"featured_media":0,"parent":0,"menu_order":0,"comment_status":"closed","ping_status":"closed","template":"","meta":{"footnotes":""},"class_list":["post-305","page","type-page","status-publish","hentry"],"yoast_head":"<!-- This site is optimized with the Yoast SEO plugin v25.6 - https:\/\/yoast.com\/wordpress\/plugins\/seo\/ -->\n<title>certificazione sanitaria e misure igieniche per soggiorni invernali - Chalets de La Clar\u00e9e<\/title>\n<meta name=\"description\" content=\"La pulizia e l&#039;igiene sono sempre state della massima importanza nei nostri siti per offrirvi una vacanza fantastica e confortevole quest&#039;inverno.\" \/>\n<meta name=\"robots\" content=\"index, follow, max-snippet:-1, max-image-preview:large, max-video-preview:-1\" \/>\n<link rel=\"canonical\" href=\"https:\/\/www.chalets-laclaree.com\/it\/certification-sanitaire-et-mesures-dhygiene\/\" \/>\n<meta property=\"og:locale\" content=\"it_IT\" \/>\n<meta property=\"og:type\" content=\"article\" \/>\n<meta property=\"og:title\" content=\"certificazione sanitaria e misure igieniche per soggiorni invernali - Chalets de La Clar\u00e9e\" \/>\n<meta property=\"og:description\" content=\"La pulizia e l&#039;igiene sono sempre state della massima importanza nei nostri siti per offrirvi una vacanza fantastica e confortevole quest&#039;inverno.\" \/>\n<meta property=\"og:url\" content=\"https:\/\/www.chalets-laclaree.com\/it\/certification-sanitaire-et-mesures-dhygiene\/\" \/>\n<meta property=\"og:site_name\" content=\"Chalets de La Clar\u00e9e\" \/>\n<meta property=\"article:modified_time\" content=\"2021-10-25T15:03:47+00:00\" \/>\n<meta property=\"og:image\" content=\"https:\/\/europe.huttopia.com\/content\/uploads\/2020\/05\/SOC-Label-management-du-risque-sanitaire_Plan-de-travail-1-300x119.png\" \/>\n<meta name=\"twitter:card\" content=\"summary_large_image\" \/>\n<meta name=\"twitter:label1\" content=\"Est. reading time\" \/>\n\t<meta name=\"twitter:data1\" content=\"4 minuti\" \/>\n<script type=\"application\/ld+json\" class=\"yoast-schema-graph\">{\"@context\":\"https:\/\/schema.org\",\"@graph\":[{\"@type\":\"WebPage\",\"@id\":\"https:\/\/www.chalets-laclaree.com\/it\/certification-sanitaire-et-mesures-dhygiene\/\",\"url\":\"https:\/\/www.chalets-laclaree.com\/it\/certification-sanitaire-et-mesures-dhygiene\/\",\"name\":\"certificazione sanitaria e misure igieniche per soggiorni invernali - Chalets de La Clar\u00e9e\",\"isPartOf\":{\"@id\":\"https:\/\/www.chalets-laclaree.com\/it\/#website\"},\"primaryImageOfPage\":{\"@id\":\"https:\/\/www.chalets-laclaree.com\/it\/certification-sanitaire-et-mesures-dhygiene\/#primaryimage\"},\"image\":{\"@id\":\"https:\/\/www.chalets-laclaree.com\/it\/certification-sanitaire-et-mesures-dhygiene\/#primaryimage\"},\"thumbnailUrl\":\"https:\/\/europe.huttopia.com\/content\/uploads\/2020\/05\/SOC-Label-management-du-risque-sanitaire_Plan-de-travail-1-300x119.png\",\"datePublished\":\"2021-10-18T12:10:13+00:00\",\"dateModified\":\"2021-10-25T15:03:47+00:00\",\"description\":\"La pulizia e l'igiene sono sempre state della massima importanza nei nostri siti per offrirvi una vacanza fantastica e confortevole quest'inverno.\",\"breadcrumb\":{\"@id\":\"https:\/\/www.chalets-laclaree.com\/it\/certification-sanitaire-et-mesures-dhygiene\/#breadcrumb\"},\"inLanguage\":\"it-IT\",\"potentialAction\":[{\"@type\":\"ReadAction\",\"target\":[\"https:\/\/www.chalets-laclaree.com\/it\/certification-sanitaire-et-mesures-dhygiene\/\"]}]},{\"@type\":\"ImageObject\",\"inLanguage\":\"it-IT\",\"@id\":\"https:\/\/www.chalets-laclaree.com\/it\/certification-sanitaire-et-mesures-dhygiene\/#primaryimage\",\"url\":\"https:\/\/europe.huttopia.com\/content\/uploads\/2020\/05\/SOC-Label-management-du-risque-sanitaire_Plan-de-travail-1-300x119.png\",\"contentUrl\":\"https:\/\/europe.huttopia.com\/content\/uploads\/2020\/05\/SOC-Label-management-du-risque-sanitaire_Plan-de-travail-1-300x119.png\"},{\"@type\":\"BreadcrumbList\",\"@id\":\"https:\/\/www.chalets-laclaree.com\/it\/certification-sanitaire-et-mesures-dhygiene\/#breadcrumb\",\"itemListElement\":[{\"@type\":\"ListItem\",\"position\":1,\"name\":\"Home\",\"item\":\"https:\/\/www.chalets-laclaree.com\/it\/\"},{\"@type\":\"ListItem\",\"position\":2,\"name\":\"certificazione sanitaria e misure igieniche per soggiorni invernali\"}]},{\"@type\":\"WebSite\",\"@id\":\"https:\/\/www.chalets-laclaree.com\/it\/#website\",\"url\":\"https:\/\/www.chalets-laclaree.com\/it\/\",\"name\":\"Chalets de La Clar\u00e9e\",\"description\":\"Un site utilisant Citykamp\",\"potentialAction\":[{\"@type\":\"SearchAction\",\"target\":{\"@type\":\"EntryPoint\",\"urlTemplate\":\"https:\/\/www.chalets-laclaree.com\/it\/?s={search_term_string}\"},\"query-input\":{\"@type\":\"PropertyValueSpecification\",\"valueRequired\":true,\"valueName\":\"search_term_string\"}}],\"inLanguage\":\"it-IT\"}]}<\/script>\n<!-- \/ Yoast SEO plugin. -->","yoast_head_json":{"title":"certificazione sanitaria e misure igieniche per soggiorni invernali - Chalets de La Clar\u00e9e","description":"La pulizia e l'igiene sono sempre state della massima importanza nei nostri siti per offrirvi una vacanza fantastica e confortevole quest'inverno.","robots":{"index":"index","follow":"follow","max-snippet":"max-snippet:-1","max-image-preview":"max-image-preview:large","max-video-preview":"max-video-preview:-1"},"canonical":"https:\/\/www.chalets-laclaree.com\/it\/certification-sanitaire-et-mesures-dhygiene\/","og_locale":"it_IT","og_type":"article","og_title":"certificazione sanitaria e misure igieniche per soggiorni invernali - Chalets de La Clar\u00e9e","og_description":"La pulizia e l'igiene sono sempre state della massima importanza nei nostri siti per offrirvi una vacanza fantastica e confortevole quest'inverno.","og_url":"https:\/\/www.chalets-laclaree.com\/it\/certification-sanitaire-et-mesures-dhygiene\/","og_site_name":"Chalets de La Clar\u00e9e","article_modified_time":"2021-10-25T15:03:47+00:00","og_image":[{"url":"https:\/\/europe.huttopia.com\/content\/uploads\/2020\/05\/SOC-Label-management-du-risque-sanitaire_Plan-de-travail-1-300x119.png","type":"","width":"","height":""}],"twitter_card":"summary_large_image","twitter_misc":{"Est. reading time":"4 minuti"},"schema":{"@context":"https:\/\/schema.org","@graph":[{"@type":"WebPage","@id":"https:\/\/www.chalets-laclaree.com\/it\/certification-sanitaire-et-mesures-dhygiene\/","url":"https:\/\/www.chalets-laclaree.com\/it\/certification-sanitaire-et-mesures-dhygiene\/","name":"certificazione sanitaria e misure igieniche per soggiorni invernali - Chalets de La Clar\u00e9e","isPartOf":{"@id":"https:\/\/www.chalets-laclaree.com\/it\/#website"},"primaryImageOfPage":{"@id":"https:\/\/www.chalets-laclaree.com\/it\/certification-sanitaire-et-mesures-dhygiene\/#primaryimage"},"image":{"@id":"https:\/\/www.chalets-laclaree.com\/it\/certification-sanitaire-et-mesures-dhygiene\/#primaryimage"},"thumbnailUrl":"https:\/\/europe.huttopia.com\/content\/uploads\/2020\/05\/SOC-Label-management-du-risque-sanitaire_Plan-de-travail-1-300x119.png","datePublished":"2021-10-18T12:10:13+00:00","dateModified":"2021-10-25T15:03:47+00:00","description":"La pulizia e l'igiene sono sempre state della massima importanza nei nostri siti per offrirvi una vacanza fantastica e confortevole quest'inverno.","breadcrumb":{"@id":"https:\/\/www.chalets-laclaree.com\/it\/certification-sanitaire-et-mesures-dhygiene\/#breadcrumb"},"inLanguage":"it-IT","potentialAction":[{"@type":"ReadAction","target":["https:\/\/www.chalets-laclaree.com\/it\/certification-sanitaire-et-mesures-dhygiene\/"]}]},{"@type":"ImageObject","inLanguage":"it-IT","@id":"https:\/\/www.chalets-laclaree.com\/it\/certification-sanitaire-et-mesures-dhygiene\/#primaryimage","url":"https:\/\/europe.huttopia.com\/content\/uploads\/2020\/05\/SOC-Label-management-du-risque-sanitaire_Plan-de-travail-1-300x119.png","contentUrl":"https:\/\/europe.huttopia.com\/content\/uploads\/2020\/05\/SOC-Label-management-du-risque-sanitaire_Plan-de-travail-1-300x119.png"},{"@type":"BreadcrumbList","@id":"https:\/\/www.chalets-laclaree.com\/it\/certification-sanitaire-et-mesures-dhygiene\/#breadcrumb","itemListElement":[{"@type":"ListItem","position":1,"name":"Home","item":"https:\/\/www.chalets-laclaree.com\/it\/"},{"@type":"ListItem","position":2,"name":"certificazione sanitaria e misure igieniche per soggiorni invernali"}]},{"@type":"WebSite","@id":"https:\/\/www.chalets-laclaree.com\/it\/#website","url":"https:\/\/www.chalets-laclaree.com\/it\/","name":"Chalets de La Clar\u00e9e","description":"Un site utilisant Citykamp","potentialAction":[{"@type":"SearchAction","target":{"@type":"EntryPoint","urlTemplate":"https:\/\/www.chalets-laclaree.com\/it\/?s={search_term_string}"},"query-input":{"@type":"PropertyValueSpecification","valueRequired":true,"valueName":"search_term_string"}}],"inLanguage":"it-IT"}]}},"_links":{"self":[{"href":"https:\/\/www.chalets-laclaree.com\/it\/wp-json\/wp\/v2\/pages\/305","targetHints":{"allow":["GET"]}}],"collection":[{"href":"https:\/\/www.chalets-laclaree.com\/it\/wp-json\/wp\/v2\/pages"}],"about":[{"href":"https:\/\/www.chalets-laclaree.com\/it\/wp-json\/wp\/v2\/types\/page"}],"author":[{"embeddable":true,"href":"https:\/\/www.chalets-laclaree.com\/it\/wp-json\/wp\/v2\/users\/4"}],"replies":[{"embeddable":true,"href":"https:\/\/www.chalets-laclaree.com\/it\/wp-json\/wp\/v2\/comments?post=305"}],"version-history":[{"count":2,"href":"https:\/\/www.chalets-laclaree.com\/it\/wp-json\/wp\/v2\/pages\/305\/revisions"}],"predecessor-version":[{"id":308,"href":"https:\/\/www.chalets-laclaree.com\/it\/wp-json\/wp\/v2\/pages\/305\/revisions\/308"}],"wp:attachment":[{"href":"https:\/\/www.chalets-laclaree.com\/it\/wp-json\/wp\/v2\/media?parent=305"}],"curies":[{"name":"wp","href":"https:\/\/api.w.org\/{rel}","templated":true}]}}